{"id":14,"date":"2025-03-13T17:44:16","date_gmt":"2025-03-13T16:44:16","guid":{"rendered":"https:\/\/serwer1329100.home.pl\/autoinstalator\/wordpress\/?page_id=14"},"modified":"2025-03-17T19:40:25","modified_gmt":"2025-03-17T18:40:25","slug":"strona-glowna","status":"publish","type":"page","link":"https:\/\/mas-pol.pl\/","title":{"rendered":"Strona g\u0142\u00f3wna"},"content":{"rendered":"<p>&nbsp;<\/p>\n<p>&nbsp;<\/p>\n<h1>MAS-POL | Hurtownia Spo\u017cywcza<\/h1>\n<p>Witamy na naszej stronie!<\/p>\n<p>Pracujemy nad ulepszeniem naszego serwisu, ale wi\u0119kszo\u015b\u0107 funkcji jest ju\u017c dost\u0119pna.<\/p>\n<p>Zapraszamy do przegl\u0105dania oferty!<\/p>\n<p><a class=\"button\" href=\"https:\/\/mas-pol.pl\/?page_id=37\">Przejd\u017a do oferty<\/a><\/p>\n<p><!-- Je\u015bli chcesz doda\u0107 wi\u0119cej tre\u015bci, mo\u017cesz to zrobi\u0107 tutaj --><\/p>\n<p><!-- Je\u015bli chcesz doda\u0107 stopk\u0119 --><\/p>\n<footer class=\"site-footer\">\u00a9 2024 MAS-POL | Wszelkie prawa zastrze\u017cone<\/footer>\n","protected":false},"excerpt":{"rendered":"<p>&nbsp; &nbsp; MAS-POL | Hurtownia Spo\u017cywcza Witamy na naszej stronie! Pracujemy nad ulepszeniem naszego serwisu, ale wi\u0119kszo\u015b\u0107 funkcji jest ju\u017c [&hellip;]<\/p>\n","protected":false},"author":1,"featured_media":0,"parent":0,"menu_order":0,"comment_status":"closed","ping_status":"closed","template":"","meta":{"site-sidebar-layout":"default","site-content-layout":"","ast-site-content-layout":"default","site-content-style":"default","site-sidebar-style":"default","ast-global-header-display":"","ast-banner-title-visibility":"","ast-main-header-display":"","ast-hfb-above-header-display":"","ast-hfb-below-header-display":"","ast-hfb-mobile-header-display":"","site-post-title":"disabled","ast-breadcrumbs-content":"","ast-featured-img":"","footer-sml-layout":"","theme-transparent-header-meta":"default","adv-header-id-meta":"","stick-header-meta":"","header-above-stick-meta":"","header-main-stick-meta":"","header-below-stick-meta":"","astra-migrate-meta-layouts":"set","ast-page-background-enabled":"default","ast-page-background-meta":{"desktop":{"background-color":"var(--ast-global-color-5)","background-image":"","background-repeat":"repeat","background-position":"center center","background-size":"auto","background-attachment":"scroll","background-type":"","background-media":"","overlay-type":"","overlay-color":"","overlay-opacity":"","overlay-gradient":""},"tablet":{"background-color":"","background-image":"","background-repeat":"repeat","background-position":"center center","background-size":"auto","background-attachment":"scroll","background-type":"","background-media":"","overlay-type":"","overlay-color":"","overlay-opacity":"","overlay-gradient":""},"mobile":{"background-color":"","background-image":"","background-repeat":"repeat","background-position":"center center","background-size":"auto","background-attachment":"scroll","background-type":"","background-media":"","overlay-type":"","overlay-color":"","overlay-opacity":"","overlay-gradient":""}},"ast-content-background-meta":{"desktop":{"background-color":"var(--ast-global-color-4)","background-image":"","background-repeat":"repeat","background-position":"center center","background-size":"auto","background-attachment":"scroll","background-type":"","background-media":"","overlay-type":"","overlay-color":"","overlay-opacity":"","overlay-gradient":""},"tablet":{"background-color":"var(--ast-global-color-4)","background-image":"","background-repeat":"repeat","background-position":"center center","background-size":"auto","background-attachment":"scroll","background-type":"","background-media":"","overlay-type":"","overlay-color":"","overlay-opacity":"","overlay-gradient":""},"mobile":{"background-color":"var(--ast-global-color-4)","background-image":"","background-repeat":"repeat","background-position":"center center","background-size":"auto","background-attachment":"scroll","background-type":"","background-media":"","overlay-type":"","overlay-color":"","overlay-opacity":"","overlay-gradient":""}},"footnotes":""},"class_list":["post-14","page","type-page","status-publish","hentry"],"_links":{"self":[{"href":"https:\/\/mas-pol.pl\/index.php?rest_route=\/wp\/v2\/pages\/14","targetHints":{"allow":["GET"]}}],"collection":[{"href":"https:\/\/mas-pol.pl\/index.php?rest_route=\/wp\/v2\/pages"}],"about":[{"href":"https:\/\/mas-pol.pl\/index.php?rest_route=\/wp\/v2\/types\/page"}],"author":[{"embeddable":true,"href":"https:\/\/mas-pol.pl\/index.php?rest_route=\/wp\/v2\/users\/1"}],"replies":[{"embeddable":true,"href":"https:\/\/mas-pol.pl\/index.php?rest_route=%2Fwp%2Fv2%2Fcomments&post=14"}],"version-history":[{"count":17,"href":"https:\/\/mas-pol.pl\/index.php?rest_route=\/wp\/v2\/pages\/14\/revisions"}],"predecessor-version":[{"id":448,"href":"https:\/\/mas-pol.pl\/index.php?rest_route=\/wp\/v2\/pages\/14\/revisions\/448"}],"wp:attachment":[{"href":"https:\/\/mas-pol.pl\/index.php?rest_route=%2Fwp%2Fv2%2Fmedia&parent=14"}],"curies":[{"name":"wp","href":"https:\/\/api.w.org\/{rel}","templated":true}]}}